{"id":5,"date":"2021-01-21T15:31:18","date_gmt":"2021-01-21T14:31:18","guid":{"rendered":"http:\/\/bthlodz.pl\/index.php\/o-firmie\/"},"modified":"2021-01-27T10:51:52","modified_gmt":"2021-01-27T09:51:52","slug":"o-firmie","status":"publish","type":"page","link":"http:\/\/bthlodz.pl\/","title":{"rendered":"O firmie"},"content":{"rendered":"<p>[et_pb_section fb_built=&#8221;1&#8243; custom_padding_last_edited=&#8221;on|desktop&#8221; _builder_version=&#8221;4.8.1&#8243; use_background_color_gradient=&#8221;on&#8221; background_color_gradient_start=&#8221;#000000&#8243; background_color_gradient_end=&#8221;rgba(198,198,198,0)&#8221; background_color_gradient_direction=&#8221;158deg&#8221; background_image=&#8221;http:\/\/bthlodz.pl\/wp-content\/uploads\/2021\/01\/architecture-2267789_1920.jpg&#8221; background_blend=&#8221;overlay&#8221; custom_padding=&#8221;150px||150px||true&#8221; custom_padding_tablet=&#8221;&#8221; custom_padding_phone=&#8221;80px||80px||true&#8221;][et_pb_row use_custom_gutter=&#8221;on&#8221; gutter_width=&#8221;2&#8243; make_equal=&#8221;on&#8221; _builder_version=&#8221;3.25&#8243; width=&#8221;98%&#8221; width_tablet=&#8221;90%&#8221; width_phone=&#8221;90%&#8221; width_last_edited=&#8221;on|phone&#8221; max_width=&#8221;1170px&#8221; max_width_tablet=&#8221;90%&#8221; max_width_phone=&#8221;90%&#8221; max_width_last_edited=&#8221;on|tablet&#8221; custom_padding=&#8221;||0px|||&#8221;][et_pb_column type=&#8221;4_4&#8243; _builder_version=&#8221;3.25&#8243; custom_padding=&#8221;|||&#8221; custom_padding__hover=&#8221;|||&#8221;][et_pb_text _builder_version=&#8221;4.8.1&#8243; header_font=&#8221;Teko|300||on|||||&#8221; header_text_color=&#8221;#ffffff&#8221; header_font_size=&#8221;25px&#8221; header_letter_spacing=&#8221;7px&#8221; header_line_height=&#8221;1.2em&#8221; custom_padding=&#8221;|||3px&#8221; animation_style=&#8221;slide&#8221; animation_direction=&#8221;left&#8221;]<\/p>\n<h1>bthlodz.pl<\/h1>\n<p>[\/et_pb_text][et_pb_text _builder_version=&#8221;4.8.1&#8243; header_font=&#8221;Teko|300|||||||&#8221; header_text_color=&#8221;#ffffff&#8221; header_font_size=&#8221;55px&#8221; header_line_height=&#8221;1.5em&#8221; custom_margin=&#8221;-17px||&#8221; animation_style=&#8221;slide&#8221; animation_direction=&#8221;right&#8221; animation_delay=&#8221;200ms&#8221; header_font_size_tablet=&#8221;&#8221; header_font_size_phone=&#8221;50px&#8221; header_font_size_last_edited=&#8221;on|desktop&#8221;]<\/p>\n<h1>Kompleksowe us\u0142ugi in\u017cynierskie w zakresie <\/h1>\n<p>[\/et_pb_text][et_pb_text _builder_version=&#8221;4.8.1&#8243; header_font=&#8221;Teko||||||||&#8221; header_text_color=&#8221;#ffffff&#8221; header_font_size=&#8221;60px&#8221; header_line_height=&#8221;1.3em&#8221; custom_margin=&#8221;-46px||&#8221; animation_style=&#8221;slide&#8221; animation_direction=&#8221;right&#8221; animation_delay=&#8221;200ms&#8221; header_font_size_tablet=&#8221;&#8221; header_font_size_phone=&#8221;50px&#8221; header_font_size_last_edited=&#8221;on|desktop&#8221; header_line_height_tablet=&#8221;&#8221; header_line_height_phone=&#8221;1.2em&#8221; header_line_height_last_edited=&#8221;on|desktop&#8221;]<\/p>\n<h1>automatyki przemys\u0142owej oraz pneumatyki<\/h1>\n<p>[\/et_pb_text][\/et_pb_column][\/et_pb_row][et_pb_row column_structure=&#8221;1_5,1_5,1_5,1_5,1_5&#8243; use_custom_gutter=&#8221;on&#8221; gutter_width=&#8221;2&#8243; make_equal=&#8221;on&#8221; custom_padding_last_edited=&#8221;on|desktop&#8221; _builder_version=&#8221;4.8.1&#8243; width=&#8221;98%&#8221; width_tablet=&#8221;90%&#8221; width_phone=&#8221;90%&#8221; width_last_edited=&#8221;on|phone&#8221; max_width=&#8221;1170px&#8221; max_width_tablet=&#8221;90%&#8221; max_width_phone=&#8221;90%&#8221; max_width_last_edited=&#8221;on|tablet&#8221; custom_padding=&#8221;3px|||||&#8221; custom_padding_tablet=&#8221;&#8221; custom_padding_phone=&#8221;36px||&#8221;][et_pb_column type=&#8221;1_5&#8243; _builder_version=&#8221;3.25&#8243; custom_padding=&#8221;|||&#8221; custom_padding__hover=&#8221;|||&#8221;][et_pb_blurb title=&#8221;Dokumentacja&#8221; image=&#8221;http:\/\/bthlodz.pl\/wp-content\/uploads\/2021\/01\/industry11-1.png&#8221; icon_placement=&#8221;left&#8221; image_max_width=&#8221;20px&#8221; content_max_width=&#8221;100%&#8221; _builder_version=&#8221;4.8.1&#8243; header_font=&#8221;Teko|300|||||||&#8221; header_text_color=&#8221;#ffffff&#8221; header_font_size=&#8221;23px&#8221; header_letter_spacing=&#8221;1px&#8221; animation_style=&#8221;slide&#8221; animation_direction=&#8221;bottom&#8221; animation_delay=&#8221;400ms&#8221; animation=&#8221;off&#8221;][\/et_pb_blurb][\/et_pb_column][et_pb_column type=&#8221;1_5&#8243; _builder_version=&#8221;3.25&#8243; custom_padding=&#8221;|||&#8221; custom_padding__hover=&#8221;|||&#8221;][et_pb_blurb title=&#8221;Projekty&#8221; image=&#8221;http:\/\/bthlodz.pl\/wp-content\/uploads\/2021\/01\/industry11-1.png&#8221; icon_placement=&#8221;left&#8221; image_max_width=&#8221;20px&#8221; content_max_width=&#8221;100%&#8221; _builder_version=&#8221;4.8.1&#8243; header_font=&#8221;Teko|300|||||||&#8221; header_text_color=&#8221;#ffffff&#8221; header_font_size=&#8221;23px&#8221; header_letter_spacing=&#8221;1px&#8221; custom_margin=&#8221;|||-55px&#8221; custom_margin_tablet=&#8221;&#8221; custom_margin_phone=&#8221;|||0px&#8221; custom_margin_last_edited=&#8221;on|tablet&#8221; animation_style=&#8221;slide&#8221; animation_direction=&#8221;bottom&#8221; animation_delay=&#8221;600ms&#8221; animation=&#8221;off&#8221;][\/et_pb_blurb][\/et_pb_column][et_pb_column type=&#8221;1_5&#8243; _builder_version=&#8221;3.25&#8243; custom_padding=&#8221;|||&#8221; custom_padding__hover=&#8221;|||&#8221;][et_pb_blurb title=&#8221;Wdro\u017cenia&#8221; image=&#8221;http:\/\/bthlodz.pl\/wp-content\/uploads\/2021\/01\/industry11-1.png&#8221; icon_placement=&#8221;left&#8221; image_max_width=&#8221;20px&#8221; content_max_width=&#8221;100%&#8221; _builder_version=&#8221;4.8.1&#8243; header_font=&#8221;Teko|300|||||||&#8221; header_text_color=&#8221;#ffffff&#8221; header_font_size=&#8221;23px&#8221; header_letter_spacing=&#8221;1px&#8221; custom_margin=&#8221;|||-107px&#8221; custom_margin_tablet=&#8221;&#8221; custom_margin_phone=&#8221;|||0px&#8221; custom_margin_last_edited=&#8221;on|desktop&#8221; animation_style=&#8221;slide&#8221; animation_direction=&#8221;bottom&#8221; animation_delay=&#8221;800ms&#8221; animation=&#8221;off&#8221;][\/et_pb_blurb][\/et_pb_column][et_pb_column type=&#8221;1_5&#8243; _builder_version=&#8221;3.25&#8243; custom_padding=&#8221;|||&#8221; custom_padding__hover=&#8221;|||&#8221;][\/et_pb_column][et_pb_column type=&#8221;1_5&#8243; _builder_version=&#8221;3.25&#8243; custom_padding=&#8221;|||&#8221; custom_padding__hover=&#8221;|||&#8221;][\/et_pb_column][\/et_pb_row][et_pb_row use_custom_gutter=&#8221;on&#8221; gutter_width=&#8221;2&#8243; make_equal=&#8221;on&#8221; _builder_version=&#8221;3.25&#8243; width=&#8221;98%&#8221; width_tablet=&#8221;90%&#8221; width_phone=&#8221;90%&#8221; width_last_edited=&#8221;on|phone&#8221; max_width=&#8221;1170px&#8221; max_width_tablet=&#8221;90%&#8221; max_width_phone=&#8221;90%&#8221; max_width_last_edited=&#8221;on|tablet&#8221; custom_padding=&#8221;12px|||||&#8221;][et_pb_column type=&#8221;4_4&#8243; _builder_version=&#8221;3.25&#8243; custom_padding=&#8221;|||&#8221; custom_padding__hover=&#8221;|||&#8221;][et_pb_button button_url=&#8221;tel:511405865&#8243; button_text=&#8221;Zadzwo\u0144 &#8211; 511 405 865&#8243; _builder_version=&#8221;4.8.1&#8243; custom_button=&#8221;on&#8221; button_text_size=&#8221;18px&#8221; button_text_color=&#8221;#ffffff&#8221; button_bg_color=&#8221;#00aeef&#8221; button_border_width=&#8221;2px&#8221; button_border_color=&#8221;#00aeef&#8221; button_border_radius=&#8221;0px&#8221; button_letter_spacing=&#8221;2px&#8221; button_font=&#8221;Teko||||||||&#8221; button_use_icon=&#8221;off&#8221; custom_padding=&#8221;14px|45px|13px|45px||true&#8221; animation_style=&#8221;slide&#8221; animation_delay=&#8221;1000ms&#8221; button_text_color__hover_enabled=&#8221;on&#8221; button_text_color__hover=&#8221;#ffffff&#8221; button_bg_color__hover_enabled=&#8221;on&#8221; button_bg_color__hover=&#8221;#e27e12&#8243; button_border_width__hover_enabled=&#8221;on&#8221; button_border_color__hover_enabled=&#8221;on&#8221; button_border_color__hover=&#8221;#e27e12&#8243;][\/et_pb_button][\/et_pb_column][\/et_pb_row][\/et_pb_section][et_pb_section fb_built=&#8221;1&#8243; _builder_version=&#8221;3.23.3&#8243; custom_padding=&#8221;30px||30px||true|&#8221;][et_pb_row column_structure=&#8221;1_2,1_2&#8243; use_custom_gutter=&#8221;on&#8221; gutter_width=&#8221;2&#8243; make_equal=&#8221;on&#8221; _builder_version=&#8221;3.25&#8243; width=&#8221;98%&#8221; width_tablet=&#8221;90%&#8221; width_phone=&#8221;90%&#8221; width_last_edited=&#8221;on|phone&#8221; max_width=&#8221;1170px&#8221; max_width_tablet=&#8221;90%&#8221; max_width_phone=&#8221;90%&#8221; max_width_last_edited=&#8221;on|tablet&#8221; custom_padding=&#8221;||0px|||&#8221;][et_pb_column type=&#8221;1_2&#8243; _builder_version=&#8221;3.25&#8243; custom_padding=&#8221;|||&#8221; custom_padding__hover=&#8221;|||&#8221;][et_pb_text _builder_version=&#8221;4.8.1&#8243; header_font=&#8221;Teko|300|||||||&#8221; header_text_color=&#8221;#071323&#8243; header_font_size=&#8221;53px&#8221; header_line_height=&#8221;1.1em&#8221; header_3_font=&#8221;Teko||||||||&#8221; header_3_text_color=&#8221;#00aeef&#8221; header_3_font_size=&#8221;18px&#8221; header_3_letter_spacing=&#8221;3px&#8221; header_3_line_height=&#8221;1.1em&#8221; max_width=&#8221;532px&#8221; custom_margin=&#8221;||&#8221;]<\/p>\n<h3>Witamy na stronie BTHLODZ.pl<\/h3>\n<p>[\/et_pb_text][et_pb_text _builder_version=&#8221;4.8.1&#8243; header_font=&#8221;Teko|300|||||||&#8221; header_text_color=&#8221;#071323&#8243; header_font_size=&#8221;53px&#8221; header_line_height=&#8221;1.1em&#8221; max_width=&#8221;532px&#8221; custom_margin=&#8221;-13px||&#8221; header_font_size_tablet=&#8221;&#8221; header_font_size_phone=&#8221;40px&#8221; header_font_size_last_edited=&#8221;on|desktop&#8221;]<\/p>\n<h1><strong>15 lat<\/strong> <strong>do\u015bwiadczenia<\/strong><\/h1>\n<p>[\/et_pb_text][\/et_pb_column][et_pb_column type=&#8221;1_2&#8243; _builder_version=&#8221;3.25&#8243; custom_padding=&#8221;|||&#8221; custom_padding__hover=&#8221;|||&#8221;][et_pb_text _builder_version=&#8221;4.8.1&#8243; text_font=&#8221;Rajdhani||||||||&#8221; text_text_color=&#8221;#525558&#8243; text_font_size=&#8221;16px&#8221; text_line_height=&#8221;1.8em&#8221; custom_margin=&#8221;34px|||-70px&#8221; custom_margin_tablet=&#8221;-19px||36px|0px&#8221; custom_margin_phone=&#8221;-10px|||0px&#8221; custom_margin_last_edited=&#8221;on|desktop&#8221;]<\/p>\n<div style=\"text-align: justify;\"><span>Ju\u017c ponad 15 lat wsp\u00f3\u0142pracujemy z firmami przemys\u0142owymi dostarczaj\u0105c im nowoczesnych rozwi\u0105za\u0144 zwi\u0105zanych z automatyzacj\u0105 proces\u00f3w produkcji a co za tym idzie znacz\u0105co podnosz\u0105c im wydajno\u015b\u0107 oraz jako\u015b\u0107 produkcji.\u00a0 W tym czasie rozwin\u0119li\u015bmy Nasz\u0105 dzia\u0142alno\u015b\u0107 m.in. w bran\u017cy automotive, agd, spo\u017cywczej, farmaceutycznej oraz w rozlewnictwie. Mieli\u015bmy okazj\u0119 \u015bwiadczy\u0107 tam kompleksowe us\u0142ugi in\u017cynierskie m.in. w zakresie produkcji maszyn, automatyzacji proces\u00f3w produkcji oraz robotyzacji stanowisk pracy.\u00a0<\/span><\/div>\n<p>&nbsp;<\/p>\n<p>[\/et_pb_text][\/et_pb_column][\/et_pb_row][et_pb_row column_structure=&#8221;1_3,1_3,1_3&#8243; use_custom_gutter=&#8221;on&#8221; gutter_width=&#8221;1&#8243; make_equal=&#8221;on&#8221; _builder_version=&#8221;4.8.1&#8243; width=&#8221;98%&#8221; width_tablet=&#8221;90%&#8221; width_phone=&#8221;90%&#8221; width_last_edited=&#8221;on|phone&#8221; max_width=&#8221;1170px&#8221; max_width_tablet=&#8221;90%&#8221; max_width_phone=&#8221;90%&#8221; max_width_last_edited=&#8221;on|tablet&#8221; custom_padding=&#8221;21px|||||&#8221;][et_pb_column type=&#8221;1_3&#8243; _builder_version=&#8221;3.25&#8243; custom_padding=&#8221;|||&#8221; custom_padding__hover=&#8221;|||&#8221;][et_pb_text _builder_version=&#8221;4.8.1&#8243; text_font=&#8221;Rajdhani||||||||&#8221; text_text_color=&#8221;#525558&#8243; text_font_size=&#8221;16px&#8221; text_line_height=&#8221;1.8em&#8221; header_4_font=&#8221;Teko||||||||&#8221; header_4_text_color=&#8221;#071323&#8243; header_4_font_size=&#8221;26px&#8221; header_4_line_height=&#8221;1.5em&#8221; header_5_font=&#8221;Teko||||||||&#8221; header_5_text_color=&#8221;#ff5e15&#8243; header_5_font_size=&#8221;17px&#8221; header_5_line_height=&#8221;3.9em&#8221; custom_padding=&#8221;35px|30px|5px|30px||true&#8221; filter_hue_rotate=&#8221;201deg&#8221; link_option_url=&#8221;#&#8221; border_width_all=&#8221;1px&#8221; border_color_all=&#8221;#e5e5e5&#8243; border_width_bottom_tablet=&#8221;&#8221; border_width_bottom_phone=&#8221;0px&#8221; border_width_bottom_last_edited=&#8221;on|phone&#8221; border_color_bottom__hover_enabled=&#8221;on&#8221; border_color_bottom__hover=&#8221;#ff5e15&#8243; header_5_letter_spacing__hover_enabled=&#8221;on&#8221; header_5_letter_spacing__hover=&#8221;2px&#8221; header_4_text_color__hover_enabled=&#8221;on&#8221; header_4_text_color__hover=&#8221;#ff5e15&#8243;]<img loading=\"lazy\" src=\"http:\/\/bthlodz.pl\/wp-content\/uploads\/2021\/01\/cer-1.png\" width=\"60\" height=\"60\" alt=\"\" class=\"wp-image-44150 alignnone size-full\" \/><\/p>\n<h4>Opracowujemy koncepcje i dokumentacje dla proces\u00f3w produkcyjnych i ich automatyzacji<\/h4>\n<p>[\/et_pb_text][\/et_pb_column][et_pb_column type=&#8221;1_3&#8243; _builder_version=&#8221;3.25&#8243; custom_padding=&#8221;|||&#8221; custom_padding__hover=&#8221;|||&#8221;][et_pb_text _builder_version=&#8221;4.8.1&#8243; text_font=&#8221;Rajdhani||||||||&#8221; text_text_color=&#8221;#525558&#8243; text_font_size=&#8221;16px&#8221; text_line_height=&#8221;1.8em&#8221; header_4_font=&#8221;Teko||||||||&#8221; header_4_text_color=&#8221;#071323&#8243; header_4_font_size=&#8221;26px&#8221; header_4_line_height=&#8221;1.5em&#8221; header_5_font=&#8221;Teko||||||||&#8221; header_5_text_color=&#8221;#ff5e15&#8243; header_5_font_size=&#8221;17px&#8221; header_5_line_height=&#8221;3.9em&#8221; custom_padding=&#8221;35px|30px|5px|30px||true&#8221; filter_hue_rotate=&#8221;201deg&#8221; link_option_url=&#8221;#&#8221; border_width_all=&#8221;1px&#8221; border_color_all=&#8221;#e5e5e5&#8243; border_width_left=&#8221;0px&#8221; border_color_bottom__hover_enabled=&#8221;on&#8221; border_color_bottom__hover=&#8221;#ff5e15&#8243; header_5_letter_spacing__hover_enabled=&#8221;on&#8221; header_5_letter_spacing__hover=&#8221;2px&#8221; header_4_text_color__hover_enabled=&#8221;on&#8221; header_4_text_color__hover=&#8221;#ff5e15&#8243;]<\/p>\n<p><img loading=\"lazy\" src=\"http:\/\/bthlodz.pl\/wp-content\/uploads\/2021\/01\/cer-2.png\" width=\"60\" height=\"60\" alt=\"\" class=\"wp-image-44151 alignnone size-full\" \/><\/p>\n<h4>Wykonujemy projekty maszyn, stanowisk, automat\u00f3w, linii produkcyjnych i pomiarowych<\/h4>\n<p>[\/et_pb_text][\/et_pb_column][et_pb_column type=&#8221;1_3&#8243; _builder_version=&#8221;3.25&#8243; custom_padding=&#8221;|||&#8221; custom_padding__hover=&#8221;|||&#8221;][et_pb_text _builder_version=&#8221;4.8.1&#8243; text_font=&#8221;Rajdhani||||||||&#8221; text_text_color=&#8221;#525558&#8243; text_font_size=&#8221;16px&#8221; text_line_height=&#8221;1.8em&#8221; header_4_font=&#8221;Teko||||||||&#8221; header_4_text_color=&#8221;#071323&#8243; header_4_font_size=&#8221;26px&#8221; header_4_line_height=&#8221;1.5em&#8221; header_5_font=&#8221;Teko||||||||&#8221; header_5_text_color=&#8221;#ff5e15&#8243; header_5_font_size=&#8221;17px&#8221; header_5_line_height=&#8221;3.9em&#8221; custom_padding=&#8221;35px|30px|5px|30px||true&#8221; filter_hue_rotate=&#8221;201deg&#8221; link_option_url=&#8221;#&#8221; border_width_all=&#8221;1px&#8221; border_color_all=&#8221;#e5e5e5&#8243; border_width_left=&#8221;0px&#8221; border_color_bottom__hover_enabled=&#8221;on&#8221; border_color_bottom__hover=&#8221;#ff5e15&#8243; header_5_letter_spacing__hover_enabled=&#8221;on&#8221; header_5_letter_spacing__hover=&#8221;2px&#8221; header_4_text_color__hover_enabled=&#8221;on&#8221; header_4_text_color__hover=&#8221;#ff5e15&#8243;]<\/p>\n<p><img loading=\"lazy\" src=\"http:\/\/bthlodz.pl\/wp-content\/uploads\/2021\/01\/cer-3.png\" width=\"60\" height=\"60\" alt=\"\" class=\"wp-image-44152 alignnone size-full\" \/><\/p>\n<h4>Projektujemy, wdra\u017camy oraz wspieramy techniczne w trakcie oraz po zako\u0144czeniu projektu\/inwestycji<\/h4>\n<p>[\/et_pb_text][\/et_pb_column][\/et_pb_row][\/et_pb_section][et_pb_section fb_built=&#8221;1&#8243; custom_padding_last_edited=&#8221;on|desktop&#8221; _builder_version=&#8221;3.23.3&#8243; background_color=&#8221;#09162A&#8221; custom_margin=&#8221;67px|||||&#8221; custom_margin_tablet=&#8221;&#8221; custom_margin_phone=&#8221;50px||&#8221; custom_margin_last_edited=&#8221;on|desktop&#8221; custom_padding_tablet=&#8221;&#8221; custom_padding_phone=&#8221;||80px&#8221;][et_pb_row column_structure=&#8221;1_2,1_2&#8243; use_custom_gutter=&#8221;on&#8221; gutter_width=&#8221;1&#8243; make_equal=&#8221;on&#8221; _builder_version=&#8221;4.8.1&#8243; width=&#8221;98%&#8221; width_tablet=&#8221;90%&#8221; width_phone=&#8221;90%&#8221; width_last_edited=&#8221;on|phone&#8221; max_width=&#8221;1170px&#8221; max_width_tablet=&#8221;90%&#8221; max_width_phone=&#8221;90%&#8221; max_width_last_edited=&#8221;on|tablet&#8221; custom_padding=&#8221;||10px|||&#8221;][et_pb_column type=&#8221;1_2&#8243; _builder_version=&#8221;3.25&#8243; custom_padding=&#8221;|||&#8221; custom_padding__hover=&#8221;|||&#8221;][et_pb_image src=&#8221;http:\/\/bthlodz.pl\/wp-content\/uploads\/2021\/01\/1_INTERTECH.png&#8221; title_text=&#8221;1_INTERTECH&#8221; _builder_version=&#8221;4.8.1&#8243; custom_margin=&#8221;-141px||&#8221;][\/et_pb_image][et_pb_blurb use_icon=&#8221;on&#8221; font_icon=&#8221;%%33%%&#8221; icon_color=&#8221;#00aeef&#8221; icon_placement=&#8221;left&#8221; content_max_width=&#8221;100%&#8221; use_icon_font_size=&#8221;on&#8221; icon_font_size=&#8221;83px&#8221; _builder_version=&#8221;4.8.1&#8243; custom_margin=&#8221;-83px||||false|false&#8221; custom_padding=&#8221;0px||0px|126px|true&#8221; animation=&#8221;off&#8221;][\/et_pb_blurb][et_pb_blurb _builder_version=&#8221;4.8.1&#8243; header_font=&#8221;Teko|300|||||||&#8221; header_text_color=&#8221;#ffffff&#8221; header_font_size=&#8221;27px&#8221; header_line_height=&#8221;2.2em&#8221; body_font=&#8221;Teko||||||||&#8221; body_text_color=&#8221;#FFFFFF&#8221; body_font_size=&#8221;23px&#8221; body_line_height=&#8221;35px&#8221; background_color=&#8221;#00aeef&#8221; z_index=&#8221;9999999999&#8243; max_width=&#8221;272px&#8221; custom_margin=&#8221;-35px|||30px|false|false&#8221; custom_padding=&#8221;29px|10px|19px|10px|false|true&#8221; animation=&#8221;off&#8221;]<\/p>\n<p style=\"text-align: center;\">Dostarczamy rozwi\u0105zania, <br \/>kt\u00f3re utrzymuj\u0105 przemys\u0142 w ruchu<\/p>\n<p>[\/et_pb_blurb][\/et_pb_column][et_pb_column type=&#8221;1_2&#8243; _builder_version=&#8221;4.8.1&#8243; custom_padding=&#8221;|||80px|false|false&#8221; custom_padding_tablet=&#8221;70px|||0px&#8221; custom_padding_phone=&#8221;60px|||0px&#8221; custom_padding_last_edited=&#8221;on|desktop&#8221; custom_padding__hover=&#8221;|||&#8221;][et_pb_text _builder_version=&#8221;4.8.1&#8243; header_font=&#8221;Teko|300|||||||&#8221; header_text_color=&#8221;#ffffff&#8221; header_font_size=&#8221;43px&#8221; header_line_height=&#8221;1.1em&#8221; custom_margin=&#8221;||&#8221; header_font_size_tablet=&#8221;&#8221; header_font_size_phone=&#8221;40px&#8221; header_font_size_last_edited=&#8221;on|desktop&#8221;]<\/p>\n<h1>Zapewnimy Pa\u0144stwu <strong>kompleksow\u0105<\/strong> obs\u0142ug\u0119 inwestycji przemys\u0142owych.<\/h1>\n<p>[\/et_pb_text][et_pb_text _builder_version=&#8221;4.8.1&#8243; text_font=&#8221;Rajdhani||||||||&#8221; text_text_color=&#8221;#ffffff&#8221; text_font_size=&#8221;16px&#8221; text_line_height=&#8221;1.8em&#8221; custom_margin=&#8221;20px|||&#8221;]<\/p>\n<p>Zapewniamy profesjonalne prace programistyczne na:<\/p>\n<ul>\n<li>sterowniki PLC<\/li>\n<li>panele operatorskie<\/li>\n<li>systemy wizualizacji HMI\/SCADA<\/li>\n<li>identyfikacja RFID<\/li>\n<li>sieci przemys\u0142owe LAN, WLAN, IIoT<\/li>\n<li>kamery i systemy wizyjne<\/li>\n<\/ul>\n<p>Dodatkowo<\/p>\n<ul>\n<li>W ramach uzupe\u0142nienia oferty zajmujemy si\u0119 kompletacj\u0105, prefabrykacj\u0105<br \/> oraz realizacj\u0105 dostaw.<\/li>\n<li>Po naszej stronie jest tak\u017ce wykonawstwo szaf sterowniczych, pulpit\u00f3w<br \/> i paneli sterowniczych.<\/li>\n<li>Przyjmujemy zlecenia na serwis 24h jak i na sta\u0142e umowy serwisowe<\/li>\n<\/ul>\n<p>[\/et_pb_text][\/et_pb_column][\/et_pb_row][\/et_pb_section][et_pb_section fb_built=&#8221;1&#8243; _builder_version=&#8221;4.8.1&#8243; background_color=&#8221;#09162A&#8221; background_image=&#8221;http:\/\/bthlodz.pl\/wp-content\/uploads\/2021\/01\/pexels-magda-ehlers-2569839.jpg&#8221; background_blend=&#8221;overlay&#8221; custom_padding=&#8221;85px||85px||true|false&#8221; box_shadow_style=&#8221;preset1&#8243; box_shadow_color=&#8221;#000000&#8243; global_module=&#8221;75&#8243; saved_tabs=&#8221;all&#8221;][et_pb_row use_custom_gutter=&#8221;on&#8221; gutter_width=&#8221;2&#8243; make_equal=&#8221;on&#8221; _builder_version=&#8221;4.8.1&#8243; width=&#8221;98%&#8221; width_tablet=&#8221;90%&#8221; width_phone=&#8221;90%&#8221; width_last_edited=&#8221;on|phone&#8221; max_width=&#8221;1170px&#8221; max_width_tablet=&#8221;90%&#8221; max_width_phone=&#8221;90%&#8221; max_width_last_edited=&#8221;on|tablet&#8221; custom_padding=&#8221;||11px|||&#8221;][et_pb_column type=&#8221;4_4&#8243; _builder_version=&#8221;3.25&#8243; custom_padding=&#8221;|||&#8221; custom_padding__hover=&#8221;|||&#8221;][et_pb_text _builder_version=&#8221;4.8.1&#8243; header_font=&#8221;Teko|300|||||||&#8221; header_text_align=&#8221;left&#8221; header_text_color=&#8221;#ffffff&#8221; header_font_size=&#8221;53px&#8221; header_line_height=&#8221;1.1em&#8221; module_alignment=&#8221;left&#8221; custom_margin=&#8221;-13px||&#8221; header_font_size_tablet=&#8221;&#8221; header_font_size_phone=&#8221;40px&#8221; header_font_size_last_edited=&#8221;on|desktop&#8221;]<\/p>\n<h1 style=\"text-align: center;\">Masz pytania ?<\/h1>\n<h1 style=\"text-align: center;\">Zadzwo\u0144 &#8211;  511 405 865<\/h1>\n<p>[\/et_pb_text][\/et_pb_column][\/et_pb_row][\/et_pb_section]<\/p>\n","protected":false},"excerpt":{"rendered":"<p>[et_pb_section fb_built=&#8221;1&#8243; custom_padding_last_edited=&#8221;on|desktop&#8221; _builder_version=&#8221;4.8.1&#8243; use_background_color_gradient=&#8221;on&#8221; background_color_gradient_start=&#8221;#000000&#8243; background_color_gradient_end=&#8221;rgba(198,198,198,0)&#8221; background_color_gradient_direction=&#8221;158deg&#8221; background_image=&#8221;http:\/\/bthlodz.pl\/wp-content\/uploads\/2021\/01\/architecture-2267789_1920.jpg&#8221; background_blend=&#8221;overlay&#8221; custom_padding=&#8221;150px||150px||true&#8221; custom_padding_tablet=&#8221;&#8221; custom_padding_phone=&#8221;80px||80px||true&#8221;][et_pb_row use_custom_gutter=&#8221;on&#8221; gutter_width=&#8221;2&#8243; make_equal=&#8221;on&#8221; _builder_version=&#8221;3.25&#8243; width=&#8221;98%&#8221; width_tablet=&#8221;90%&#8221; width_phone=&#8221;90%&#8221; width_last_edited=&#8221;on|phone&#8221; max_width=&#8221;1170px&#8221; max_width_tablet=&#8221;90%&#8221; max_width_phone=&#8221;90%&#8221; max_width_last_edited=&#8221;on|tablet&#8221; custom_padding=&#8221;||0px|||&#8221;][et_pb_column type=&#8221;4_4&#8243; _builder_version=&#8221;3.25&#8243; custom_padding=&#8221;|||&#8221; custom_padding__hover=&#8221;|||&#8221;][et_pb_text _builder_version=&#8221;4.8.1&#8243; header_font=&#8221;Teko|300||on|||||&#8221; header_text_color=&#8221;#ffffff&#8221; header_font_size=&#8221;25px&#8221; header_letter_spacing=&#8221;7px&#8221; header_line_height=&#8221;1.2em&#8221; custom_padding=&#8221;|||3px&#8221; animation_style=&#8221;slide&#8221; animation_direction=&#8221;left&#8221;] bthlodz.pl [\/et_pb_text][et_pb_text _builder_version=&#8221;4.8.1&#8243; header_font=&#8221;Teko|300|||||||&#8221; header_text_color=&#8221;#ffffff&#8221; header_font_size=&#8221;55px&#8221; header_line_height=&#8221;1.5em&#8221; custom_margin=&#8221;-17px||&#8221; animation_style=&#8221;slide&#8221; animation_direction=&#8221;right&#8221; animation_delay=&#8221;200ms&#8221; header_font_size_tablet=&#8221;&#8221; header_font_size_phone=&#8221;50px&#8221; header_font_size_last_edited=&#8221;on|desktop&#8221;] Kompleksowe us\u0142ugi [&hellip;]<\/p>\n","protected":false},"author":1,"featured_media":0,"parent":0,"menu_order":0,"comment_status":"closed","ping_status":"closed","template":"","meta":{"_et_pb_use_builder":"on","_et_pb_old_content":"","_et_gb_content_width":""},"_links":{"self":[{"href":"http:\/\/bthlodz.pl\/index.php\/wp-json\/wp\/v2\/pages\/5"}],"collection":[{"href":"http:\/\/bthlodz.pl\/index.php\/wp-json\/wp\/v2\/pages"}],"about":[{"href":"http:\/\/bthlodz.pl\/index.php\/wp-json\/wp\/v2\/types\/page"}],"author":[{"embeddable":true,"href":"http:\/\/bthlodz.pl\/index.php\/wp-json\/wp\/v2\/users\/1"}],"replies":[{"embeddable":true,"href":"http:\/\/bthlodz.pl\/index.php\/wp-json\/wp\/v2\/comments?post=5"}],"version-history":[{"count":7,"href":"http:\/\/bthlodz.pl\/index.php\/wp-json\/wp\/v2\/pages\/5\/revisions"}],"predecessor-version":[{"id":76,"href":"http:\/\/bthlodz.pl\/index.php\/wp-json\/wp\/v2\/pages\/5\/revisions\/76"}],"wp:attachment":[{"href":"http:\/\/bthlodz.pl\/index.php\/wp-json\/wp\/v2\/media?parent=5"}],"curies":[{"name":"wp","href":"https:\/\/api.w.org\/{rel}","templated":true}]}}