{"id":72,"date":"2021-01-27T10:50:11","date_gmt":"2021-01-27T09:50:11","guid":{"rendered":"http:\/\/bthlodz.pl\/index.php\/kariera\/"},"modified":"2021-01-27T11:05:27","modified_gmt":"2021-01-27T10:05:27","slug":"kariera","status":"publish","type":"page","link":"http:\/\/bthlodz.pl\/index.php\/kariera\/","title":{"rendered":"Kariera"},"content":{"rendered":"<p>[et_pb_section fb_built=&#8221;1&#8243; custom_padding_last_edited=&#8221;on|desktop&#8221; _builder_version=&#8221;4.8.1&#8243; use_background_color_gradient=&#8221;on&#8221; background_color_gradient_start=&#8221;#000000&#8243; background_color_gradient_end=&#8221;rgba(198,198,198,0)&#8221; background_color_gradient_direction=&#8221;158deg&#8221; background_image=&#8221;http:\/\/bthlodz.pl\/wp-content\/uploads\/2021\/01\/architecture-2267789_1920.jpg&#8221; background_blend=&#8221;overlay&#8221; custom_padding=&#8221;42px||42px||true|&#8221; custom_padding_tablet=&#8221;&#8221; custom_padding_phone=&#8221;80px||80px||true&#8221; global_module=&#8221;90&#8243;][et_pb_row use_custom_gutter=&#8221;on&#8221; gutter_width=&#8221;2&#8243; make_equal=&#8221;on&#8221; _builder_version=&#8221;3.25&#8243; width=&#8221;98%&#8221; width_tablet=&#8221;90%&#8221; width_phone=&#8221;90%&#8221; width_last_edited=&#8221;on|phone&#8221; max_width=&#8221;1170px&#8221; max_width_tablet=&#8221;90%&#8221; max_width_phone=&#8221;90%&#8221; max_width_last_edited=&#8221;on|tablet&#8221; custom_padding=&#8221;||0px|||&#8221;][et_pb_column type=&#8221;4_4&#8243; _builder_version=&#8221;3.25&#8243; custom_padding=&#8221;|||&#8221; custom_padding__hover=&#8221;|||&#8221;][et_pb_text _builder_version=&#8221;4.8.1&#8243; header_font=&#8221;Teko|300|||||||&#8221; header_text_color=&#8221;#ffffff&#8221; header_font_size=&#8221;55px&#8221; header_line_height=&#8221;1.5em&#8221; custom_margin=&#8221;-17px||&#8221; animation_style=&#8221;slide&#8221; animation_direction=&#8221;right&#8221; animation_delay=&#8221;200ms&#8221; header_font_size_tablet=&#8221;&#8221; header_font_size_phone=&#8221;50px&#8221; header_font_size_last_edited=&#8221;on|desktop&#8221;]<\/p>\n<h1>Kompleksowe us\u0142ugi in\u017cynierskie w zakresie <\/h1>\n<p>[\/et_pb_text][et_pb_text _builder_version=&#8221;4.8.1&#8243; header_font=&#8221;Teko||||||||&#8221; header_text_color=&#8221;#ffffff&#8221; header_font_size=&#8221;60px&#8221; header_line_height=&#8221;1.3em&#8221; custom_margin=&#8221;-46px||&#8221; custom_padding=&#8221;||0px|||&#8221; animation_style=&#8221;slide&#8221; animation_direction=&#8221;right&#8221; animation_delay=&#8221;200ms&#8221; header_font_size_tablet=&#8221;&#8221; header_font_size_phone=&#8221;50px&#8221; header_font_size_last_edited=&#8221;on|desktop&#8221; header_line_height_tablet=&#8221;&#8221; header_line_height_phone=&#8221;1.2em&#8221; header_line_height_last_edited=&#8221;on|desktop&#8221;]<\/p>\n<h1>automatyki przemys\u0142owej oraz pneumatyki<\/h1>\n<p>[\/et_pb_text][\/et_pb_column][\/et_pb_row][et_pb_row use_custom_gutter=&#8221;on&#8221; gutter_width=&#8221;2&#8243; make_equal=&#8221;on&#8221; _builder_version=&#8221;3.25&#8243; width=&#8221;98%&#8221; width_tablet=&#8221;90%&#8221; width_phone=&#8221;90%&#8221; width_last_edited=&#8221;on|phone&#8221; max_width=&#8221;1170px&#8221; max_width_tablet=&#8221;90%&#8221; max_width_phone=&#8221;90%&#8221; max_width_last_edited=&#8221;on|tablet&#8221; custom_padding=&#8221;12px|||||&#8221;][et_pb_column type=&#8221;4_4&#8243; _builder_version=&#8221;3.25&#8243; custom_padding=&#8221;|||&#8221; custom_padding__hover=&#8221;|||&#8221;][et_pb_button button_url=&#8221;tel:511405865&#8243; button_text=&#8221;Zadzwo\u0144 &#8211; 511 405 865&#8243; _builder_version=&#8221;4.8.1&#8243; custom_button=&#8221;on&#8221; button_text_size=&#8221;18px&#8221; button_text_color=&#8221;#ffffff&#8221; button_bg_color=&#8221;#00aeef&#8221; button_border_width=&#8221;2px&#8221; button_border_color=&#8221;#00aeef&#8221; button_border_radius=&#8221;0px&#8221; button_letter_spacing=&#8221;2px&#8221; button_font=&#8221;Teko||||||||&#8221; button_use_icon=&#8221;off&#8221; custom_padding=&#8221;14px|45px|13px|45px||true&#8221; animation_style=&#8221;slide&#8221; animation_delay=&#8221;1000ms&#8221; button_text_color__hover_enabled=&#8221;on&#8221; button_text_color__hover=&#8221;#ffffff&#8221; button_bg_color__hover_enabled=&#8221;on&#8221; button_bg_color__hover=&#8221;#e27e12&#8243; button_border_width__hover_enabled=&#8221;on&#8221; button_border_color__hover_enabled=&#8221;on&#8221; button_border_color__hover=&#8221;#e27e12&#8243;][\/et_pb_button][\/et_pb_column][\/et_pb_row][\/et_pb_section][et_pb_section fb_built=&#8221;1&#8243; _builder_version=&#8221;4.8.1&#8243; background_color=&#8221;#F2F8F9&#8243; custom_padding=&#8221;50px||0px||false|false&#8221; hover_enabled=&#8221;0&#8243; sticky_enabled=&#8221;0&#8243;][et_pb_row use_custom_gutter=&#8221;on&#8221; gutter_width=&#8221;2&#8243; make_equal=&#8221;on&#8221; _builder_version=&#8221;3.25&#8243; width=&#8221;98%&#8221; width_tablet=&#8221;90%&#8221; width_phone=&#8221;90%&#8221; width_last_edited=&#8221;on|phone&#8221; max_width=&#8221;1170px&#8221; max_width_tablet=&#8221;90%&#8221; max_width_phone=&#8221;90%&#8221; max_width_last_edited=&#8221;on|tablet&#8221; custom_padding=&#8221;||0px|||&#8221;][et_pb_column type=&#8221;4_4&#8243; _builder_version=&#8221;3.25&#8243; custom_padding=&#8221;|||&#8221; custom_padding__hover=&#8221;|||&#8221;][et_pb_text _builder_version=&#8221;4.8.1&#8243; header_font=&#8221;Teko|300|||||||&#8221; header_text_align=&#8221;center&#8221; header_text_color=&#8221;#071323&#8243; header_font_size=&#8221;53px&#8221; header_line_height=&#8221;1.1em&#8221; max_width=&#8221;554px&#8221; module_alignment=&#8221;center&#8221; custom_margin=&#8221;-13px||&#8221; header_font_size_tablet=&#8221;&#8221; header_font_size_phone=&#8221;40px&#8221; header_font_size_last_edited=&#8221;on|desktop&#8221; hover_enabled=&#8221;0&#8243; sticky_enabled=&#8221;0&#8243;]<\/p>\n<h1>Kariera<\/strong><\/p>\n<\/h1>\n<p>[\/et_pb_text][et_pb_text _builder_version=&#8221;4.8.1&#8243; _module_preset=&#8221;default&#8221; text_font=&#8221;Ubuntu||||||||&#8221; text_text_color=&#8221;#000000&#8243; text_font_size=&#8221;20px&#8221; text_orientation=&#8221;center&#8221; hover_enabled=&#8221;0&#8243; sticky_enabled=&#8221;0&#8243;]Rozwijamy si\u0119 szybko, dlatego zapraszamy Was do wzi\u0119cia udzia\u0142u w rekrutacji na stanowiska in\u017cynierskie:[\/et_pb_text][et_pb_text _builder_version=&#8221;4.8.1&#8243; _module_preset=&#8221;default&#8221; text_font=&#8221;Ubuntu||||||||&#8221; text_text_color=&#8221;#00aeef&#8221; text_font_size=&#8221;20px&#8221; text_orientation=&#8221;center&#8221; hover_enabled=&#8221;0&#8243; sticky_enabled=&#8221;0&#8243;]Automatyk (PLC Siemens), In\u017cynier AKPiA, Mechanik\/Konstruktor CAD[\/et_pb_text][\/et_pb_column][\/et_pb_row][et_pb_row use_custom_gutter=&#8221;on&#8221; gutter_width=&#8221;2&#8243; make_equal=&#8221;on&#8221; _builder_version=&#8221;4.8.1&#8243; width=&#8221;98%&#8221; width_tablet=&#8221;90%&#8221; width_phone=&#8221;90%&#8221; width_last_edited=&#8221;on|phone&#8221; max_width=&#8221;1170px&#8221; max_width_tablet=&#8221;90%&#8221; max_width_phone=&#8221;90%&#8221; max_width_last_edited=&#8221;on|tablet&#8221; custom_padding=&#8221;|||||&#8221; column_structure=&#8221;1_2,1_2&#8243; hover_enabled=&#8221;0&#8243; sticky_enabled=&#8221;0&#8243;][et_pb_column type=&#8221;1_2&#8243; _builder_version=&#8221;3.25&#8243; custom_padding=&#8221;|||&#8221; custom_padding__hover=&#8221;|||&#8221;][et_pb_image src=&#8221;http:\/\/bthlodz.pl\/wp-content\/uploads\/2021\/01\/bth-1.png&#8221; _builder_version=&#8221;4.8.1&#8243; _module_preset=&#8221;default&#8221; title_text=&#8221;bth&#8221; hover_enabled=&#8221;0&#8243; sticky_enabled=&#8221;0&#8243;][\/et_pb_image][\/et_pb_column][et_pb_column type=&#8221;1_2&#8243; _builder_version=&#8221;3.25&#8243; custom_padding=&#8221;|||&#8221; custom_padding__hover=&#8221;|||&#8221;][et_pb_text _builder_version=&#8221;4.8.1&#8243; _module_preset=&#8221;default&#8221; text_font=&#8221;Ubuntu||||||||&#8221; text_text_color=&#8221;#000000&#8243; text_orientation=&#8221;center&#8221; hover_enabled=&#8221;0&#8243; sticky_enabled=&#8221;0&#8243; text_font_size=&#8221;16px&#8221;]<\/p>\n<p style=\"text-align: left;\">MIEJSCE PRACY: <br \/>\u0141\u00f3d\u017a, Pozna\u0144, Gda\u0144sk, Katowice, Warszawa, Krak\u00f3w, Wroc\u0142aw<\/p>\n<p style=\"text-align: left;\">Do\u0142\u0105czaj\u0105c do Nas zapewnimy Wam:<\/p>\n<ul>\n<li style=\"text-align: left;\">komfortowe \u015brodowisko pracy i kole\u017ce\u0144sk\u0105 atmosfer\u0119 opart\u0105 na zaufaniu<\/li>\n<li style=\"text-align: left;\">udzia\u0142 w zyskach firmy, kt\u00f3re wsp\u00f3lnie wypracujemy<\/li>\n<li style=\"text-align: left;\">szkolenia i rozw\u00f3j<\/li>\n<li style=\"text-align: left;\">stabilne a zarazem elastyczne zatrudnienie pozwalaj\u0105ce realizowa\u0107 pasje i uk\u0142ada\u0107 \u017cycie rodzinne wg swoich potrzeb<\/li>\n<\/ul>\n<p>[\/et_pb_text][\/et_pb_column][\/et_pb_row][\/et_pb_section][et_pb_section fb_built=&#8221;1&#8243; _builder_version=&#8221;4.8.1&#8243; background_color=&#8221;#09162A&#8221; background_image=&#8221;http:\/\/bthlodz.pl\/wp-content\/uploads\/2021\/01\/pexels-magda-ehlers-2569839.jpg&#8221; background_blend=&#8221;overlay&#8221; custom_padding=&#8221;85px||85px||true|false&#8221; box_shadow_style=&#8221;preset1&#8243; box_shadow_color=&#8221;#000000&#8243; global_module=&#8221;75&#8243; saved_tabs=&#8221;all&#8221;][et_pb_row use_custom_gutter=&#8221;on&#8221; gutter_width=&#8221;2&#8243; make_equal=&#8221;on&#8221; _builder_version=&#8221;4.8.1&#8243; width=&#8221;98%&#8221; width_tablet=&#8221;90%&#8221; width_phone=&#8221;90%&#8221; width_last_edited=&#8221;on|phone&#8221; max_width=&#8221;1170px&#8221; max_width_tablet=&#8221;90%&#8221; max_width_phone=&#8221;90%&#8221; max_width_last_edited=&#8221;on|tablet&#8221; custom_padding=&#8221;||11px|||&#8221;][et_pb_column type=&#8221;4_4&#8243; _builder_version=&#8221;3.25&#8243; custom_padding=&#8221;|||&#8221; custom_padding__hover=&#8221;|||&#8221;][et_pb_text _builder_version=&#8221;4.8.1&#8243; header_font=&#8221;Teko|300|||||||&#8221; header_text_align=&#8221;left&#8221; header_text_color=&#8221;#ffffff&#8221; header_font_size=&#8221;53px&#8221; header_line_height=&#8221;1.1em&#8221; module_alignment=&#8221;left&#8221; custom_margin=&#8221;-13px||&#8221; header_font_size_tablet=&#8221;&#8221; header_font_size_phone=&#8221;40px&#8221; header_font_size_last_edited=&#8221;on|desktop&#8221;]<\/p>\n<h1 style=\"text-align: center;\">Masz pytania ?<\/h1>\n<h1 style=\"text-align: center;\">Zadzwo\u0144 &#8211;  511 405 865<\/h1>\n<p>[\/et_pb_text][\/et_pb_column][\/et_pb_row][\/et_pb_section]<\/p>\n","protected":false},"excerpt":{"rendered":"<p>[et_pb_section fb_built=&#8221;1&#8243; custom_padding_last_edited=&#8221;on|desktop&#8221; _builder_version=&#8221;4.8.1&#8243; use_background_color_gradient=&#8221;on&#8221; background_color_gradient_start=&#8221;#000000&#8243; background_color_gradient_end=&#8221;rgba(198,198,198,0)&#8221; background_color_gradient_direction=&#8221;158deg&#8221; background_image=&#8221;http:\/\/bthlodz.pl\/wp-content\/uploads\/2021\/01\/architecture-2267789_1920.jpg&#8221; background_blend=&#8221;overlay&#8221; custom_padding=&#8221;42px||42px||true|&#8221; custom_padding_tablet=&#8221;&#8221; custom_padding_phone=&#8221;80px||80px||true&#8221; global_module=&#8221;90&#8243;][et_pb_row use_custom_gutter=&#8221;on&#8221; gutter_width=&#8221;2&#8243; make_equal=&#8221;on&#8221; _builder_version=&#8221;3.25&#8243; width=&#8221;98%&#8221; width_tablet=&#8221;90%&#8221; width_phone=&#8221;90%&#8221; width_last_edited=&#8221;on|phone&#8221; max_width=&#8221;1170px&#8221; max_width_tablet=&#8221;90%&#8221; max_width_phone=&#8221;90%&#8221; max_width_last_edited=&#8221;on|tablet&#8221; custom_padding=&#8221;||0px|||&#8221;][et_pb_column type=&#8221;4_4&#8243; _builder_version=&#8221;3.25&#8243; custom_padding=&#8221;|||&#8221; custom_padding__hover=&#8221;|||&#8221;][et_pb_text _builder_version=&#8221;4.8.1&#8243; header_font=&#8221;Teko|300|||||||&#8221; header_text_color=&#8221;#ffffff&#8221; header_font_size=&#8221;55px&#8221; header_line_height=&#8221;1.5em&#8221; custom_margin=&#8221;-17px||&#8221; animation_style=&#8221;slide&#8221; animation_direction=&#8221;right&#8221; animation_delay=&#8221;200ms&#8221; header_font_size_tablet=&#8221;&#8221; header_font_size_phone=&#8221;50px&#8221; header_font_size_last_edited=&#8221;on|desktop&#8221;] Kompleksowe us\u0142ugi in\u017cynierskie w zakresie [\/et_pb_text][et_pb_text _builder_version=&#8221;4.8.1&#8243; header_font=&#8221;Teko||||||||&#8221; header_text_color=&#8221;#ffffff&#8221; header_font_size=&#8221;60px&#8221; header_line_height=&#8221;1.3em&#8221; custom_margin=&#8221;-46px||&#8221; [&hellip;]<\/p>\n","protected":false},"author":1,"featured_media":0,"parent":0,"menu_order":0,"comment_status":"closed","ping_status":"closed","template":"","meta":{"_et_pb_use_builder":"on","_et_pb_old_content":"","_et_gb_content_width":""},"_links":{"self":[{"href":"http:\/\/bthlodz.pl\/index.php\/wp-json\/wp\/v2\/pages\/72"}],"collection":[{"href":"http:\/\/bthlodz.pl\/index.php\/wp-json\/wp\/v2\/pages"}],"about":[{"href":"http:\/\/bthlodz.pl\/index.php\/wp-json\/wp\/v2\/types\/page"}],"author":[{"embeddable":true,"href":"http:\/\/bthlodz.pl\/index.php\/wp-json\/wp\/v2\/users\/1"}],"replies":[{"embeddable":true,"href":"http:\/\/bthlodz.pl\/index.php\/wp-json\/wp\/v2\/comments?post=72"}],"version-history":[{"count":3,"href":"http:\/\/bthlodz.pl\/index.php\/wp-json\/wp\/v2\/pages\/72\/revisions"}],"predecessor-version":[{"id":102,"href":"http:\/\/bthlodz.pl\/index.php\/wp-json\/wp\/v2\/pages\/72\/revisions\/102"}],"wp:attachment":[{"href":"http:\/\/bthlodz.pl\/index.php\/wp-json\/wp\/v2\/media?parent=72"}],"curies":[{"name":"wp","href":"https:\/\/api.w.org\/{rel}","templated":true}]}}